{"id":10,"date":"2017-04-29T16:12:59","date_gmt":"2017-04-29T16:12:59","guid":{"rendered":"http:\/\/dentinger.de\/?page_id=10"},"modified":"2018-04-07T19:07:08","modified_gmt":"2018-04-07T19:07:08","slug":"herzlich-willkommen","status":"publish","type":"page","link":"https:\/\/dentinger.de\/","title":{"rendered":"Herzlich Willkommen!"},"content":{"rendered":"<p>Ich entwickele, gestalte und begleite bis zur Druckabwicklung f\u00fcr Sie:<\/p>\n<ul>\n<li>Logos und Gesch\u00e4ftsausstattung<\/li>\n<li>Werbeflyer und Brosch\u00fcren<\/li>\n<li>Plakate, Banner und Fahnen<\/li>\n<li>Anzeigen<\/li>\n<li>Illustrationen<\/li>\n<li>Webseiten (auch mobile Ger\u00e4te)<\/li>\n<\/ul>\n<p>Die professionelle und ansprechende Umsetzung Ihrer W\u00fcnsche steht dabei stets an erster Stelle.<\/p>\n<p>&nbsp;<\/p>\n","protected":false},"excerpt":{"rendered":"<p>Ich entwickele, gestalte und begleite bis zur Druckabwicklung f\u00fcr Sie: Logos und Gesch\u00e4ftsausstattung Werbeflyer und Brosch\u00fcren Plakate, Banner und Fahnen Anzeigen Illustrationen Webseiten (auch mobile Ger\u00e4te) Die professionelle und ansprechende Umsetzung Ihrer W\u00fcnsche steht dabei stets an erster Stelle. &nbsp;<\/p>\n","protected":false},"author":1,"featured_media":0,"parent":0,"menu_order":0,"comment_status":"closed","ping_status":"closed","template":"","meta":{"footnotes":""},"class_list":["post-10","page","type-page","status-publish","hentry"],"_links":{"self":[{"href":"https:\/\/dentinger.de\/index.php?rest_route=\/wp\/v2\/pages\/10","targetHints":{"allow":["GET"]}}],"collection":[{"href":"https:\/\/dentinger.de\/index.php?rest_route=\/wp\/v2\/pages"}],"about":[{"href":"https:\/\/dentinger.de\/index.php?rest_route=\/wp\/v2\/types\/page"}],"author":[{"embeddable":true,"href":"https:\/\/dentinger.de\/index.php?rest_route=\/wp\/v2\/users\/1"}],"replies":[{"embeddable":true,"href":"https:\/\/dentinger.de\/index.php?rest_route=%2Fwp%2Fv2%2Fcomments&post=10"}],"version-history":[{"count":3,"href":"https:\/\/dentinger.de\/index.php?rest_route=\/wp\/v2\/pages\/10\/revisions"}],"predecessor-version":[{"id":13,"href":"https:\/\/dentinger.de\/index.php?rest_route=\/wp\/v2\/pages\/10\/revisions\/13"}],"wp:attachment":[{"href":"https:\/\/dentinger.de\/index.php?rest_route=%2Fwp%2Fv2%2Fmedia&parent=10"}],"curies":[{"name":"wp","href":"https:\/\/api.w.org\/{rel}","templated":true}]}}